{"id":568,"date":"2017-03-08T11:24:27","date_gmt":"2017-03-08T11:24:27","guid":{"rendered":"http:\/\/dt.greenbee.si\/storitve\/mala-sola\/"},"modified":"2017-05-18T15:24:17","modified_gmt":"2017-05-18T15:24:17","slug":"prescolare","status":"publish","type":"page","link":"https:\/\/www.dreamteamdogs.si\/it\/servizi\/prescolare\/","title":{"rendered":"Prescolare"},"content":{"rendered":"<div id='av_section_1'  class='avia-section av-av_section-1967d8c30cd8866af393f8b6e7638b1b main_color avia-section-large avia-no-border-styling  avia-builder-el-0  el_before_av_section  avia-builder-el-first  avia-bg-style-scroll container_wrap fullsize'  ><div class='container av-section-cont-open' ><main  role=\"main\" itemprop=\"mainContentOfPage\"  class='template-page content  av-content-full alpha units'><div class='post-entry post-entry-type-page post-entry-568'><div class='entry-content-wrapper clearfix'>\n\n<style type=\"text\/css\" data-created_by=\"avia_inline_auto\" id=\"style-css-av-av_heading-383abfde885afb042459d9e8e6cde4ea\">\n#top .av-special-heading.av-av_heading-383abfde885afb042459d9e8e6cde4ea{\npadding-bottom:10px;\ncolor:#f05535;\nfont-size:42px;\n}\nbody .av-special-heading.av-av_heading-383abfde885afb042459d9e8e6cde4ea .av-special-heading-tag .heading-char{\nfont-size:25px;\n}\n#top #wrap_all .av-special-heading.av-av_heading-383abfde885afb042459d9e8e6cde4ea .av-special-heading-tag{\nfont-size:42px;\n}\n.av-special-heading.av-av_heading-383abfde885afb042459d9e8e6cde4ea .special-heading-inner-border{\nborder-color:#f05535;\n}\n.av-special-heading.av-av_heading-383abfde885afb042459d9e8e6cde4ea .av-subheading{\nfont-size:15px;\n}\n\n@media only screen and (min-width: 480px) and (max-width: 767px){ \n#top #wrap_all .av-special-heading.av-av_heading-383abfde885afb042459d9e8e6cde4ea .av-special-heading-tag{\nfont-size:0.8em;\n}\n}\n\n@media only screen and (max-width: 479px){ \n#top #wrap_all .av-special-heading.av-av_heading-383abfde885afb042459d9e8e6cde4ea .av-special-heading-tag{\nfont-size:0.8em;\n}\n}\n<\/style>\n<div  class='av-special-heading av-av_heading-383abfde885afb042459d9e8e6cde4ea av-special-heading-h3 custom-color-heading blockquote modern-quote  avia-builder-el-1  el_before_av_three_fifth  avia-builder-el-first  av-inherit-size'><h3 class='av-special-heading-tag '  itemprop=\"headline\"  >PRESCOLARE<\/h3><div class=\"special-heading-border\"><div class=\"special-heading-inner-border\"><\/div><\/div><\/div>\n\n<style type=\"text\/css\" data-created_by=\"avia_inline_auto\" id=\"style-css-av-av_three_fifth-6126cab7d8fab8d08143dd2dacdf673c\">\n.flex_column.av-av_three_fifth-6126cab7d8fab8d08143dd2dacdf673c{\nborder-radius:0px 0px 0px 0px;\npadding:0px 0px 0px 0px;\n}\n<\/style>\n<div  class='flex_column av-av_three_fifth-6126cab7d8fab8d08143dd2dacdf673c av_three_fifth  avia-builder-el-2  el_after_av_heading  el_before_av_two_fifth  first flex_column_div av-zero-column-padding  '     ><section  class='av_textblock_section av-av_textblock-283972ea15f2e73870c23e2d6de3245d '   itemscope=\"itemscope\" itemtype=\"https:\/\/schema.org\/CreativeWork\" ><div class='avia_textblock'  itemprop=\"text\" ><p> DreamTeam addestramento e educazione del cane si basa sul metodo di insegnameto con rinforzo pozitivo. Nel corso del primo appuntamento parliamo con voi e vi spieghiamo come si terra` l`addestramento. Ci sono alcune regole secondo le quali un cane ragiona e le quali sono a la maggior parte delle persone sconosciute &#8211; ma sono per il cane molto primordiali e semplici. Noi vi aiutiamo in questa comprensione delle regole, vi mostriamo, insieme passiamo atraverso il processo, da soli continuate il percorso e lo trasformate in routine. Raccomandiamo di iniziare con l`educazione subito, quando si porta il cucciolo a casa. Ovviamente \u00a0tutto questo puo` essere affrontato anche con un cane adulto.<\/p>\n<\/div><\/section><\/div>\n<style type=\"text\/css\" data-created_by=\"avia_inline_auto\" id=\"style-css-av-av_two_fifth-0aa7055fe62c3622faec82866afbaeb2\">\n.flex_column.av-av_two_fifth-0aa7055fe62c3622faec82866afbaeb2{\nborder-radius:0px 0px 0px 0px;\npadding:0px 0px 0px 0px;\n}\n<\/style>\n<div  class='flex_column av-av_two_fifth-0aa7055fe62c3622faec82866afbaeb2 av_two_fifth  avia-builder-el-4  el_after_av_three_fifth  avia-builder-el-last  flex_column_div av-zero-column-padding  '     ><style type=\"text\/css\" data-created_by=\"avia_inline_auto\" id=\"style-css-av-av_image-5e8741160b1a3508da5c5956b05d32db\">\n.avia-image-container.av-av_image-5e8741160b1a3508da5c5956b05d32db img.avia_image{\nbox-shadow:none;\n}\n.avia-image-container.av-av_image-5e8741160b1a3508da5c5956b05d32db .av-image-caption-overlay-center{\ncolor:#ffffff;\n}\n<\/style>\n<div  class='avia-image-container av-av_image-5e8741160b1a3508da5c5956b05d32db av-styling- avia-align-center  avia-builder-el-5  avia-builder-el-no-sibling '   itemprop=\"image\" itemscope=\"itemscope\" itemtype=\"https:\/\/schema.org\/ImageObject\" ><div class=\"avia-image-container-inner\"><div class=\"avia-image-overlay-wrap\"><img decoding=\"async\" fetchpriority=\"high\" class='wp-image-1013 avia-img-lazy-loading-not-1013 avia_image ' src=\"https:\/\/www.dreamteamdogs.si\/wp-content\/uploads\/2017\/03\/Stran-mala-sola-1-1030x720.jpg\" alt='' title='Stran mala sola 1'  height=\"720\" width=\"1030\"  itemprop=\"thumbnailUrl\" srcset=\"https:\/\/www.dreamteamdogs.si\/wp-content\/uploads\/2017\/03\/Stran-mala-sola-1-1030x720.jpg 1030w, https:\/\/www.dreamteamdogs.si\/wp-content\/uploads\/2017\/03\/Stran-mala-sola-1-300x210.jpg 300w, https:\/\/www.dreamteamdogs.si\/wp-content\/uploads\/2017\/03\/Stran-mala-sola-1-768x537.jpg 768w, https:\/\/www.dreamteamdogs.si\/wp-content\/uploads\/2017\/03\/Stran-mala-sola-1-705x493.jpg 705w, https:\/\/www.dreamteamdogs.si\/wp-content\/uploads\/2017\/03\/Stran-mala-sola-1-450x315.jpg 450w, https:\/\/www.dreamteamdogs.si\/wp-content\/uploads\/2017\/03\/Stran-mala-sola-1.jpg 1200w\" sizes=\"(max-width: 1030px) 100vw, 1030px\" \/><\/div><\/div><\/div><\/div><\/div><\/div><\/main><!-- close content main element --><\/div><\/div>\n<style type=\"text\/css\" data-created_by=\"avia_inline_auto\" id=\"style-css-av-av_section-75a93b8254cbed90dfea148fbb31fada\">\n.avia-section.av-av_section-75a93b8254cbed90dfea148fbb31fada{\nbackground-color:#f9f9f9;\nbackground-image:unset;\n}\n<\/style>\n<div id='av_section_2'  class='avia-section av-av_section-75a93b8254cbed90dfea148fbb31fada main_color avia-section-default avia-no-shadow  avia-builder-el-6  el_after_av_section  el_before_av_submenu  avia-bg-style-scroll container_wrap fullsize'  ><div class='container av-section-cont-open' ><div class='template-page content  av-content-full alpha units'><div class='post-entry post-entry-type-page post-entry-568'><div class='entry-content-wrapper clearfix'>\n\n<style type=\"text\/css\" data-created_by=\"avia_inline_auto\" id=\"style-css-av-av_heading-7f4563dd12865c1de94bba90bb56856c\">\n#top .av-special-heading.av-av_heading-7f4563dd12865c1de94bba90bb56856c{\npadding-bottom:10px;\ncolor:#f05535;\nfont-size:34px;\n}\nbody .av-special-heading.av-av_heading-7f4563dd12865c1de94bba90bb56856c .av-special-heading-tag .heading-char{\nfont-size:25px;\n}\n#top #wrap_all .av-special-heading.av-av_heading-7f4563dd12865c1de94bba90bb56856c .av-special-heading-tag{\nfont-size:34px;\n}\n.av-special-heading.av-av_heading-7f4563dd12865c1de94bba90bb56856c .special-heading-inner-border{\nborder-color:#f05535;\n}\n.av-special-heading.av-av_heading-7f4563dd12865c1de94bba90bb56856c .av-subheading{\nfont-size:26px;\n}\n\n@media only screen and (min-width: 480px) and (max-width: 767px){ \n#top #wrap_all .av-special-heading.av-av_heading-7f4563dd12865c1de94bba90bb56856c .av-special-heading-tag{\nfont-size:0.8em;\n}\n}\n\n@media only screen and (max-width: 479px){ \n#top #wrap_all .av-special-heading.av-av_heading-7f4563dd12865c1de94bba90bb56856c .av-special-heading-tag{\nfont-size:0.8em;\n}\n}\n<\/style>\n<div  class='av-special-heading av-av_heading-7f4563dd12865c1de94bba90bb56856c av-special-heading-h3 custom-color-heading blockquote modern-quote modern-centered  avia-builder-el-7  el_before_av_hr  avia-builder-el-first  av-inherit-size'><div class='av_custom_color av-subheading av-subheading_above'><p>Volete di unirsi a noi?<\/p>\n<\/div><h3 class='av-special-heading-tag '  itemprop=\"headline\"  >INVIACI LA TUA RICHIESTA O CHIAMACI!<\/h3><div class=\"special-heading-border\"><div class=\"special-heading-inner-border\"><\/div><\/div><\/div>\n\n<style type=\"text\/css\" data-created_by=\"avia_inline_auto\" id=\"style-css-av-av_hr-16b509a5195eb20636728f8eced9ba64\">\n#top .hr.hr-invisible.av-av_hr-16b509a5195eb20636728f8eced9ba64{\nheight:30px;\n}\n<\/style>\n<div  class='hr av-av_hr-16b509a5195eb20636728f8eced9ba64 hr-invisible  avia-builder-el-8  el_after_av_heading  el_before_av_button '><span class='hr-inner '><span class=\"hr-inner-style\"><\/span><\/span><\/div>\n<div  class='avia-button-wrap av-av_button-c8712e134e07facc09bc1cc9204667e3-wrap avia-button-center  avia-builder-el-9  el_after_av_hr  avia-builder-el-last '><a href='https:\/\/www.dreamteamdogs.si\/it\/contatto\/'  class='avia-button av-av_button-c8712e134e07facc09bc1cc9204667e3 av-link-btn avia-icon_select-yes-left-icon avia-size-large avia-position-center av-icon-on-hover avia-color-theme-color'   aria-label=\"Contatacci !\"><span class='avia_button_icon avia_button_icon_left avia-iconfont avia-font-entypo-fontello' data-av_icon='\ue805' data-av_iconfont='entypo-fontello' ><\/span><span class='avia_iconbox_title' >Contatacci !<\/span><\/a><\/div>\n<\/div><\/div><\/div><!-- close content main div --><\/div><\/div><div class='clear'><\/div><div id='sub_menu1'  class='av-submenu-container av-av_submenu-1fd4608b7b8ded35b114317d9ed95ba0 main_color  avia-builder-el-10  el_after_av_section  avia-builder-el-last  dt av-sticky-submenu submenu-not-first container_wrap fullsize' style='z-index:301' ><div class='container av-menu-mobile-disabled av-submenu-pos-center'><ul id='av-custom-submenu-1' class='av-subnav-menu' role='menu'>\n<li class='menu-item av-av_submenu_item-5dcdcb02a4420411a67ede0222d2f5bf menu-item-top-level menu-item-top-level-1' role='menuitem'><a href='#'  ><span class='avia-bullet'><\/span><span class='avia-menu-text'>Dream Team storitve:<\/span><\/a><\/li>\n <li class='menu-item av-av_submenu_item-310e55d630697f51e31ea493bc915bd1 menu-item-top-level menu-item-top-level-2' role='menuitem'><a href='https:\/\/www.dreamteamdogs.si\/dreamteam-storitve\/dreamteam-mala-sola\/'  ><span class='avia-bullet'><\/span><span class='avia-menu-text'>Mala \u0161ola<\/span><\/a><\/li>\n <li class='menu-item av-av_submenu_item-aac666e0ef1d1d9080a0fe84dfc8e23a menu-item-top-level menu-item-top-level-3' role='menuitem'><a href='https:\/\/www.dreamteamdogs.si\/dreamteam-storitve\/dreamteam-seminarji\/'  ><span class='avia-bullet'><\/span><span class='avia-menu-text'>Seminarji<\/span><\/a><\/li>\n <li class='menu-item av-av_submenu_item-b3ec1327f225e64f66141e5aa9633466 menu-item-top-level menu-item-top-level-4' role='menuitem'><a href='https:\/\/www.dreamteamdogs.si\/dreamteam-storitve\/dreamteam-treningi\/'  ><span class='avia-bullet'><\/span><span class='avia-menu-text'>Treningi po naro\u010dilu<\/span><\/a><\/li>\n <li class='menu-item av-av_submenu_item-24e9c9913223c1564399b867a782c9d0 menu-item-top-level menu-item-top-level-5' role='menuitem'><a href='https:\/\/www.dreamteamdogs.si\/dreamteam-storitve\/dreamteam-predavanja\/'  ><span class='avia-bullet'><\/span><span class='avia-menu-text'>Predavanja<\/span><\/a><\/li>\n <\/ul><\/div><\/div><div class='sticky_placeholder'><\/div><\/p>\n","protected":false},"excerpt":{"rendered":"","protected":false},"author":1,"featured_media":0,"parent":554,"menu_order":0,"comment_status":"closed","ping_status":"closed","template":"","meta":{"footnotes":""},"class_list":["post-568","page","type-page","status-publish","hentry"],"yoast_head":"<!-- This site is optimized with the Yoast SEO plugin v26.1.1 - https:\/\/yoast.com\/wordpress\/plugins\/seo\/ -->\n<title>Prescolare - Dreamteam.dogs<\/title>\n<meta name=\"robots\" content=\"index, follow, max-snippet:-1, max-image-preview:large, max-video-preview:-1\" \/>\n<link rel=\"canonical\" href=\"https:\/\/www.dreamteamdogs.si\/it\/servizi\/prescolare\/\" \/>\n<meta property=\"og:locale\" content=\"it_IT\" \/>\n<meta property=\"og:type\" content=\"article\" \/>\n<meta property=\"og:title\" content=\"Prescolare - Dreamteam.dogs\" \/>\n<meta property=\"og:url\" content=\"https:\/\/www.dreamteamdogs.si\/it\/servizi\/prescolare\/\" \/>\n<meta property=\"og:site_name\" content=\"Dreamteam.dogs\" \/>\n<meta property=\"article:modified_time\" content=\"2017-05-18T15:24:17+00:00\" \/>\n<meta name=\"twitter:card\" content=\"summary_large_image\" \/>\n<meta name=\"twitter:label1\" content=\"Tempo di lettura stimato\" \/>\n\t<meta name=\"twitter:data1\" content=\"4 minuti\" \/>\n<script type=\"application\/ld+json\" class=\"yoast-schema-graph\">{\"@context\":\"https:\/\/schema.org\",\"@graph\":[{\"@type\":\"WebPage\",\"@id\":\"https:\/\/www.dreamteamdogs.si\/it\/servizi\/prescolare\/\",\"url\":\"https:\/\/www.dreamteamdogs.si\/it\/servizi\/prescolare\/\",\"name\":\"Prescolare - Dreamteam.dogs\",\"isPartOf\":{\"@id\":\"https:\/\/www.dreamteamdogs.si\/it\/#website\"},\"datePublished\":\"2017-03-08T11:24:27+00:00\",\"dateModified\":\"2017-05-18T15:24:17+00:00\",\"breadcrumb\":{\"@id\":\"https:\/\/www.dreamteamdogs.si\/it\/servizi\/prescolare\/#breadcrumb\"},\"inLanguage\":\"it-IT\",\"potentialAction\":[{\"@type\":\"ReadAction\",\"target\":[\"https:\/\/www.dreamteamdogs.si\/it\/servizi\/prescolare\/\"]}]},{\"@type\":\"BreadcrumbList\",\"@id\":\"https:\/\/www.dreamteamdogs.si\/it\/servizi\/prescolare\/#breadcrumb\",\"itemListElement\":[{\"@type\":\"ListItem\",\"position\":1,\"name\":\"Home\",\"item\":\"https:\/\/www.dreamteamdogs.si\/it\/dreamteam\/\"},{\"@type\":\"ListItem\",\"position\":2,\"name\":\"Servizi\",\"item\":\"https:\/\/www.dreamteamdogs.si\/it\/servizi\/\"},{\"@type\":\"ListItem\",\"position\":3,\"name\":\"Prescolare\"}]},{\"@type\":\"WebSite\",\"@id\":\"https:\/\/www.dreamteamdogs.si\/it\/#website\",\"url\":\"https:\/\/www.dreamteamdogs.si\/it\/\",\"name\":\"Dreamteam.dogs\",\"description\":\"Pes in vodnik. Ni\u010d ve\u010d in ni\u010d manj kot to morata biti, da je delo obema v zabavo in prina\u0161a uspeh. Metodologija treninga je postavljena v pasjo perspektivo.\",\"potentialAction\":[{\"@type\":\"SearchAction\",\"target\":{\"@type\":\"EntryPoint\",\"urlTemplate\":\"https:\/\/www.dreamteamdogs.si\/it\/?s={search_term_string}\"},\"query-input\":{\"@type\":\"PropertyValueSpecification\",\"valueRequired\":true,\"valueName\":\"search_term_string\"}}],\"inLanguage\":\"it-IT\"}]}<\/script>\n<!-- \/ Yoast SEO plugin. -->","yoast_head_json":{"title":"Prescolare - Dreamteam.dogs","robots":{"index":"index","follow":"follow","max-snippet":"max-snippet:-1","max-image-preview":"max-image-preview:large","max-video-preview":"max-video-preview:-1"},"canonical":"https:\/\/www.dreamteamdogs.si\/it\/servizi\/prescolare\/","og_locale":"it_IT","og_type":"article","og_title":"Prescolare - Dreamteam.dogs","og_url":"https:\/\/www.dreamteamdogs.si\/it\/servizi\/prescolare\/","og_site_name":"Dreamteam.dogs","article_modified_time":"2017-05-18T15:24:17+00:00","twitter_card":"summary_large_image","twitter_misc":{"Tempo di lettura stimato":"4 minuti"},"schema":{"@context":"https:\/\/schema.org","@graph":[{"@type":"WebPage","@id":"https:\/\/www.dreamteamdogs.si\/it\/servizi\/prescolare\/","url":"https:\/\/www.dreamteamdogs.si\/it\/servizi\/prescolare\/","name":"Prescolare - Dreamteam.dogs","isPartOf":{"@id":"https:\/\/www.dreamteamdogs.si\/it\/#website"},"datePublished":"2017-03-08T11:24:27+00:00","dateModified":"2017-05-18T15:24:17+00:00","breadcrumb":{"@id":"https:\/\/www.dreamteamdogs.si\/it\/servizi\/prescolare\/#breadcrumb"},"inLanguage":"it-IT","potentialAction":[{"@type":"ReadAction","target":["https:\/\/www.dreamteamdogs.si\/it\/servizi\/prescolare\/"]}]},{"@type":"BreadcrumbList","@id":"https:\/\/www.dreamteamdogs.si\/it\/servizi\/prescolare\/#breadcrumb","itemListElement":[{"@type":"ListItem","position":1,"name":"Home","item":"https:\/\/www.dreamteamdogs.si\/it\/dreamteam\/"},{"@type":"ListItem","position":2,"name":"Servizi","item":"https:\/\/www.dreamteamdogs.si\/it\/servizi\/"},{"@type":"ListItem","position":3,"name":"Prescolare"}]},{"@type":"WebSite","@id":"https:\/\/www.dreamteamdogs.si\/it\/#website","url":"https:\/\/www.dreamteamdogs.si\/it\/","name":"Dreamteam.dogs","description":"Pes in vodnik. Ni\u010d ve\u010d in ni\u010d manj kot to morata biti, da je delo obema v zabavo in prina\u0161a uspeh. Metodologija treninga je postavljena v pasjo perspektivo.","potentialAction":[{"@type":"SearchAction","target":{"@type":"EntryPoint","urlTemplate":"https:\/\/www.dreamteamdogs.si\/it\/?s={search_term_string}"},"query-input":{"@type":"PropertyValueSpecification","valueRequired":true,"valueName":"search_term_string"}}],"inLanguage":"it-IT"}]}},"_links":{"self":[{"href":"https:\/\/www.dreamteamdogs.si\/it\/wp-json\/wp\/v2\/pages\/568","targetHints":{"allow":["GET"]}}],"collection":[{"href":"https:\/\/www.dreamteamdogs.si\/it\/wp-json\/wp\/v2\/pages"}],"about":[{"href":"https:\/\/www.dreamteamdogs.si\/it\/wp-json\/wp\/v2\/types\/page"}],"author":[{"embeddable":true,"href":"https:\/\/www.dreamteamdogs.si\/it\/wp-json\/wp\/v2\/users\/1"}],"replies":[{"embeddable":true,"href":"https:\/\/www.dreamteamdogs.si\/it\/wp-json\/wp\/v2\/comments?post=568"}],"version-history":[{"count":5,"href":"https:\/\/www.dreamteamdogs.si\/it\/wp-json\/wp\/v2\/pages\/568\/revisions"}],"predecessor-version":[{"id":1379,"href":"https:\/\/www.dreamteamdogs.si\/it\/wp-json\/wp\/v2\/pages\/568\/revisions\/1379"}],"up":[{"embeddable":true,"href":"https:\/\/www.dreamteamdogs.si\/it\/wp-json\/wp\/v2\/pages\/554"}],"wp:attachment":[{"href":"https:\/\/www.dreamteamdogs.si\/it\/wp-json\/wp\/v2\/media?parent=568"}],"curies":[{"name":"wp","href":"https:\/\/api.w.org\/{rel}","templated":true}]}}