{"id":553,"date":"2017-03-04T13:37:46","date_gmt":"2017-03-04T12:37:46","guid":{"rendered":"http:\/\/dt.greenbee.si\/kontakt\/"},"modified":"2021-05-24T15:25:46","modified_gmt":"2021-05-24T13:25:46","slug":"contatto","status":"publish","type":"page","link":"https:\/\/www.dreamteamdogs.si\/it\/contatto\/","title":{"rendered":"Contatto"},"content":{"rendered":"<div id='av_section_1'  class='avia-section av-2c0kop-1949389b59ba2fb95068e40abaaf1c00 main_color avia-section-default avia-no-shadow  avia-builder-el-0  avia-builder-el-no-sibling  avia-bg-style-scroll container_wrap fullsize'  ><div class='container av-section-cont-open' ><main  role=\"main\" itemprop=\"mainContentOfPage\"  class='template-page content  av-content-full alpha units'><div class='post-entry post-entry-type-page post-entry-553'><div class='entry-content-wrapper clearfix'>\n\n<style type=\"text\/css\" data-created_by=\"avia_inline_auto\" id=\"style-css-av-2acotl-dc833c528ef1235278c3de36f737df30\">\n.flex_column.av-2acotl-dc833c528ef1235278c3de36f737df30{\nborder-radius:0px 0px 0px 0px;\npadding:0px 0px 0px 0px;\n}\n<\/style>\n<div  class='flex_column av-2acotl-dc833c528ef1235278c3de36f737df30 av_one_half  avia-builder-el-1  el_before_av_one_half  avia-builder-el-first  first flex_column_div av-zero-column-padding  '     ><p>\n<style type=\"text\/css\" data-created_by=\"avia_inline_auto\" id=\"style-css-av-ddph5-d33cc93b2482426aa9810e43495ceb0e\">\n#top .av-special-heading.av-ddph5-d33cc93b2482426aa9810e43495ceb0e{\npadding-bottom:10px;\nfont-size:26px;\n}\nbody .av-special-heading.av-ddph5-d33cc93b2482426aa9810e43495ceb0e .av-special-heading-tag .heading-char{\nfont-size:25px;\n}\n#top #wrap_all .av-special-heading.av-ddph5-d33cc93b2482426aa9810e43495ceb0e .av-special-heading-tag{\nfont-size:26px;\n}\n.av-special-heading.av-ddph5-d33cc93b2482426aa9810e43495ceb0e .av-subheading{\nfont-size:15px;\n}\n\n@media only screen and (min-width: 480px) and (max-width: 767px){ \n#top #wrap_all .av-special-heading.av-ddph5-d33cc93b2482426aa9810e43495ceb0e .av-special-heading-tag{\nfont-size:0.8em;\n}\n}\n\n@media only screen and (max-width: 479px){ \n#top #wrap_all .av-special-heading.av-ddph5-d33cc93b2482426aa9810e43495ceb0e .av-special-heading-tag{\nfont-size:0.8em;\n}\n}\n<\/style>\n<div  class='av-special-heading av-ddph5-d33cc93b2482426aa9810e43495ceb0e av-special-heading-h3 blockquote modern-quote  avia-builder-el-2  el_before_av_textblock  avia-builder-el-first  av-inherit-size'><h3 class='av-special-heading-tag '  itemprop=\"headline\"  >Contatto<\/h3><div class=\"special-heading-border\"><div class=\"special-heading-inner-border\"><\/div><\/div><\/div><br \/>\n\n<style type=\"text\/css\" data-created_by=\"avia_inline_auto\" id=\"style-css-av-1ygn3l-df263be630d5792444bcd7d87faa0b82\">\n#top .av_textblock_section.av-1ygn3l-df263be630d5792444bcd7d87faa0b82 .avia_textblock{\nfont-size:22px;\n}\n<\/style>\n<section  class='av_textblock_section av-1ygn3l-df263be630d5792444bcd7d87faa0b82 '   itemscope=\"itemscope\" itemtype=\"https:\/\/schema.org\/CreativeWork\" ><div class='avia_textblock'  itemprop=\"text\" ><p>DreamTeam &#8211; addestramento di cani e conduttori<\/p>\n<p>Poljanska cesta 75,<br \/>\nLjubljana<\/p>\n<p>T: +386 31 444 210 &#8211; Borut, +386 41 628 599 &#8211; Sava<\/p>\n<p>dreamteam.dogs@gmail.com<\/p>\n<p>campo di allenamento: Kmetija pri Piki, Cesta v Prod, Ljubljana Sneberje<\/p>\n<p>coordinate GPS: N 46.072742, E 14.616618<\/p>\n<\/div><\/section><\/p><\/div>\n<style type=\"text\/css\" data-created_by=\"avia_inline_auto\" id=\"style-css-av-1oyltt-edc5c905ccca6f1da8a9a327783a750b\">\n.flex_column.av-1oyltt-edc5c905ccca6f1da8a9a327783a750b{\nborder-radius:0px 0px 0px 0px;\npadding:0px 0px 0px 0px;\n}\n<\/style>\n<div  class='flex_column av-1oyltt-edc5c905ccca6f1da8a9a327783a750b av_one_half  avia-builder-el-4  el_after_av_one_half  avia-builder-el-last  flex_column_div av-zero-column-padding  '     ><style type=\"text\/css\" data-created_by=\"avia_inline_auto\" id=\"style-css-av-juzhm8bu-191a68583f1614f9fde2b3f7be59e7d2\">\n#top .av_textblock_section.av-juzhm8bu-191a68583f1614f9fde2b3f7be59e7d2 .avia_textblock{\nfont-size:22px;\n}\n<\/style>\n<section  class='av_textblock_section av-juzhm8bu-191a68583f1614f9fde2b3f7be59e7d2 '   itemscope=\"itemscope\" itemtype=\"https:\/\/schema.org\/CreativeWork\" ><div class='avia_textblock'  itemprop=\"text\" ><h3>Inviaci un messaggio<\/h3>\n<div data-uniq='69ed3f4606e40' class='uniq-69ed3f4606e40 formcraft-css form-live align-left'><script> window.formcraftLogic = window.formcraftLogic || {}; window.formcraftLogic[4] = []; <\/script><div class=\"fc-pagination-cover fc-pagination-1\">\n\t\t\t\t<div class=\"fc-pagination\" style=\"width: 100%\">\n\t\t\t\t\t<div class=\"pagination-trigger \" data-index=\"0\">\n\t\t\t\t\t\t<span class=\"page-number\"><span >1<\/span><\/span>\n\t\t\t\t\t\t<span class=\"page-name \">Step 1<\/span>\n\t\t\t\t\t\t\n\t\t\t\t\t<\/div>\n\t\t\t\t<\/div>\n\t\t\t<\/div>\n\t\t\t\n\t\t\t<style scoped=\"scoped\" >\n\t\t\t@media (max-width : 480px) {\n\t\t\t\t.fc_modal-dialog-4 .fc-pagination-cover .fc-pagination\n\t\t\t\t{\n\t\t\t\t\tbackground-color: white !important;\n\t\t\t\t}\n\t\t\t}\n\t\t\t\t\t\t.formcraft-css .fc-form.fc-form-4 .form-element .submit-cover .submit-button,\n\t\t\t.formcraft-css .fc-form.fc-form-4 .form-element .fileupload-cover .button-file,\n\t\t\t.formcraft-css .fc-form.fc-form-4 .form-element .field-cover .button,\n\t\t\t.formcraft-datepicker .ui-datepicker-header,\n\t\t\t.formcraft-datepicker .ui-datepicker-title\n\t\t\t{\n\t\t\t\tbackground: #4488ee;\n\t\t\t\tcolor: #fff;\n\t\t\t}\n\t\t\t.formcraft-datepicker td .ui-state-active,\n\t\t\t.formcraft-datepicker td .ui-state-hover,\n\t\t\t.formcraft-css .fc-form.fc-form-4 .form-element .slider-cover .ui-slider-range\n\t\t\t{\n\t\t\t\tbackground: #4488ee;\n\t\t\t}\n\t\t\t#ui-datepicker-div.formcraft-datepicker .ui-datepicker-header,\n\t\t\t.formcraft-css .fc-form .field-cover>div.full hr\n\t\t\t{\n\t\t\t\tborder-color: #3b77d1;\n\t\t\t}\n\t\t\t#ui-datepicker-div.formcraft-datepicker .ui-datepicker-prev:hover,\n\t\t\t#ui-datepicker-div.formcraft-datepicker .ui-datepicker-next:hover,\n\t\t\t#ui-datepicker-div.formcraft-datepicker select.ui-datepicker-month:hover,\n\t\t\t#ui-datepicker-div.formcraft-datepicker select.ui-datepicker-year:hover\n\t\t\t{\n\t\t\t\tbackground-color: #3b77d1;\n\t\t\t}\n\t\t\t.formcraft-css .fc-pagination>div.active .page-number,\n\t\t\t.formcraft-css .form-cover-builder .fc-pagination>div:first-child .page-number\n\t\t\t{\n\t\t\t\tbackground-color: #4488ee;\n\t\t\t\tcolor: #fff;\n\t\t\t}\n\t\t\t#ui-datepicker-div.formcraft-datepicker table.ui-datepicker-calendar th,\n\t\t\t#ui-datepicker-div.formcraft-datepicker table.ui-datepicker-calendar td.ui-datepicker-today a,\n\t\t\t.formcraft-css .fc-form.fc-form-4 .form-element .star-cover label,\n\t\t\thtml .formcraft-css .fc-form.label-floating .form-element .field-cover.has-focus>span,\n\t\t\t.formcraft-css .fc-form.fc-form-4 .form-element .customText-cover a,\n\t\t\t.formcraft-css .prev-next>div span:hover\n\t\t\t{\n\t\t\t\tcolor: #4488ee;\n\t\t\t}\n\t\t\t.formcraft-css .fc-form.fc-form-4 .form-element .customText-cover a:hover\n\t\t\t{\n\t\t\t\tcolor: #3b77d1;\n\t\t\t}\n\t\t\thtml .formcraft-css .fc-form.fc-form-4.label-floating .form-element .field-cover > span\n\t\t\t{\n\t\t\t\tcolor: #666666;\n\t\t\t}\n\t\t\thtml .formcraft-css .fc-form .final-success .final-success-check {\n\t\t\t\tborder: 2px solid #666666;\n\t\t\t}\n\t\t\t.formcraft-css .fc-form.fc-form-4 .form-element .field-cover input[type=\"text\"],\n\t\t\t.formcraft-css .fc-form.fc-form-4 .form-element .field-cover input[type=\"email\"],\n\t\t\t.formcraft-css .fc-form.fc-form-4 .form-element .field-cover input[type=\"password\"],\n\t\t\t.formcraft-css .fc-form.fc-form-4 .form-element .field-cover input[type=\"tel\"],\n\t\t\t.formcraft-css .fc-form.fc-form-4 .form-element .field-cover textarea,\n\t\t\t.formcraft-css .fc-form.fc-form-4 .form-element .field-cover select,\n\t\t\t.formcraft-css .fc-form.fc-form-4 .form-element .field-cover .time-fields-cover,\n\t\t\t.formcraft-css .fc-form.fc-form-4 .form-element .field-cover .awesomplete ul\n\t\t\t{\n\t\t\t\tcolor: #777;\n\t\t\t}\n\t\t\t.formcraft-css .fc-form.fc-form-4 .form-element .field-cover input[type=\"text\"],\n\t\t\t.formcraft-css .fc-form.fc-form-4 .form-element .field-cover input[type=\"password\"],\n\t\t\t.formcraft-css .fc-form.fc-form-4 .form-element .field-cover input[type=\"email\"],\n\t\t\t.formcraft-css .fc-form.fc-form-4 .form-element .field-cover input[type=\"radio\"],\n\t\t\t.formcraft-css .fc-form.fc-form-4 .form-element .field-cover input[type=\"checkbox\"],\n\t\t\t.formcraft-css .fc-form.fc-form-4 .form-element .field-cover input[type=\"tel\"],\n\t\t\t.formcraft-css .fc-form.fc-form-4 .form-element .field-cover select,\n\t\t\t.formcraft-css .fc-form.fc-form-4 .form-element .field-cover textarea\n\t\t\t{\n\t\t\t\tbackground-color: #fafafa;\n\t\t\t}\n\t\t\t.formcraft-css .fc-form.fc-form-4 .form-element .field-cover input[type=\"radio\"]:checked,\n\t\t\t.formcraft-css .fc-form.fc-form-4 .form-element .field-cover input[type=\"checkbox\"]:checked {\n\t\t\t\tborder-color: #3b77d1;\n\t\t\t\tbackground: #4488ee;\t\t\t\t\n\t\t\t}\n\t\t\t.formcraft-css .fc-form.fc-form-4 .form-element .star-cover label .star\n\t\t\t{\n\t\t\t\ttext-shadow: 0px 1px 0px #3b77d1;\n\t\t\t}\n\t\t\t.formcraft-css .fc-form.fc-form-4 .form-element .slider-cover .ui-slider-range\n\t\t\t{\n\t\t\t\tbox-shadow: 0px 1px 1px #3b77d1 inset;\n\t\t\t}\n\t\t\t.formcraft-css .fc-form.fc-form-4 .form-element .fileupload-cover .button-file\n\t\t\t{\n\t\t\t\tborder-color: #3b77d1;\n\t\t\t}\n\t\t\t.formcraft-css .fc-form.fc-form-4 .form-element .form-element-html input[type=\"password\"]:focus,\n\t\t\t.formcraft-css .fc-form.fc-form-4 .form-element .form-element-html input[type=\"email\"]:focus,\n\t\t\t.formcraft-css .fc-form.fc-form-4 .form-element .form-element-html input[type=\"tel\"]:focus,\n\t\t\t.formcraft-css .fc-form.fc-form-4 .form-element .form-element-html input[type=\"text\"]:focus,\n\t\t\t.formcraft-css .fc-form.fc-form-4 .form-element .form-element-html textarea:focus,\n\t\t\t.formcraft-css .fc-form.fc-form-4 .form-element .form-element-html select:focus\n\t\t\t{\n\t\t\t\tborder-color: #4488ee;\n\t\t\t}\n\t\t\t.formcraft-css .fc-form.fc-form-4 .form-element .form-element-html .field-cover .is-read-only:focus {\n\t\t\t\tborder-color: #ccc;\n\t\t\t}\n\t\t\t.formcraft-css .fc-form.fc-form-4\t\t\t{\n\t\t\t\tfont-family: inherit;\n\t\t\t}\n\t\t\t@media (max-width : 480px) {\n\t\t\t\thtml .dedicated-page,\n\t\t\t\thtml .dedicated-page .formcraft-css .fc-pagination > div.active\n\t\t\t\t{\n\t\t\t\t\tbackground: white;\n\t\t\t\t}\n\t\t\t}\n\t\t<\/style>\n\t\t<div class=\"form-cover\">\n\t\t\t<form data-thousand=\"\" data-decimal=\".\" data-delay=\"\" data-id=\"4\" class=\"fc-form fc-form-4 align- fc-temp-class spin- save-form- dont-submit-hidden- remove-asterisk- icons-hide- disable-enter- label-block field-border-visible frame-hidden field-alignment-left options-fade\" style=\"width: 720px; color: #666666; font-size: 105%; background: white\">\n\t\t\t\t<div class=\"form-page form-page-0\" data-index=\"0\">\n\t\t\t\t\t\n\t\t\t\t\t<div class=\"form-page-content     \">\n\t\t\t\t\t\t<div data-identifier=\"field1\" data-index=\"0\" style=\"width: 50%\" class=\" form-element form-element-field1 options-false index-false form-element-0 default-false form-element-type-oneLineText is-required-true odd -handle\">\n\t\t\t\t\t\t\t<div class=\"form-element-html\"><div ><label class=\"oneLineText-cover field-cover \"><span class=\"sub-label-false\"><span class=\"main-label\"><span >Nome<\/span><\/span><span class=\"sub-label\"><\/span><\/span><div><span class=\"error\"><\/span><input type=\"text\" placeholder=\"\" make-read-only=\"false\" data-field-id=\"field1\" name=\"field1[]\" data-min-char=\"\" data-max-char=\"\" data-val-type=\"\" data-regexp=\"\" data-is-required=\"true\" data-allow-spaces=\"true\" class=\"validation-lenient\" data-placement=\"right\" data-toggle=\"tooltip\" tooltip=\"\" data-trigger=\"focus\" data-html=\"true\" data-input-mask=\"\" data-mask-placeholder=\"\" data-original-title=\"\"><i class=\"formcraft-icon formcraft-icon-type-\"><\/i><\/div><\/label><\/div><\/div>\n\t\t\t\t\t\t\t\n\t\t\t\t\t\t<\/div><div data-identifier=\"field2\" data-index=\"1\" style=\"width: 50%\" class=\" even form-element form-element-field2 options-false index-false form-element-1 default-false form-element-type-oneLineText is-required-false -handle\">\n\t\t\t\t\t\t\t<div class=\"form-element-html\"><div ><label class=\"oneLineText-cover field-cover \"><span class=\"sub-label-false\"><span class=\"main-label\"><span >Telefono<\/span><\/span><span class=\"sub-label\"><\/span><\/span><div><span class=\"error\"><\/span><input type=\"text\" placeholder=\"\" make-read-only=\"false\" data-field-id=\"field2\" name=\"field2[]\" data-min-char=\"\" data-max-char=\"\" data-val-type=\"\" data-regexp=\"\" data-is-required=\"false\" data-allow-spaces=\"true\" class=\"validation-lenient\" data-placement=\"right\" data-toggle=\"tooltip\" tooltip=\"\" data-trigger=\"focus\" data-html=\"true\" data-input-mask=\"\" data-mask-placeholder=\"\" data-original-title=\"\"><i class=\"formcraft-icon formcraft-icon-type-\"><\/i><\/div><\/label><\/div><\/div>\n\t\t\t\t\t\t\t\n\t\t\t\t\t\t<\/div><div data-identifier=\"field3\" data-index=\"2\" style=\"width: 100%\" class=\" form-element form-element-field3 options-false index-false form-element-2 default-false form-element-type-email is-required-true odd -handle\">\n\t\t\t\t\t\t\t<div class=\"form-element-html\"><div ><label class=\"email-cover field-cover \"><span class=\"sub-label-true\"><span class=\"main-label\"><span >Email<\/span><\/span><span class=\"sub-label\"><\/span><\/span><div><span class=\"error\"><\/span><input placeholder=\"\" data-field-id=\"field3\" type=\"text\" data-val-type=\"email\" make-read-only=\"\" data-is-required=\"true\" name=\"field3\" class=\"validation-lenient\" data-placement=\"right\" data-toggle=\"tooltip\" tooltip=\"\" data-trigger=\"focus\" data-html=\"true\" data-original-title=\"\"><i class=\"formcraft-icon\">email<\/i><\/div><\/label><\/div><\/div>\n\t\t\t\t\t\t\t\n\t\t\t\t\t\t<\/div><div data-identifier=\"field4\" data-index=\"3\" style=\"width: 100%\" class=\" even form-element form-element-field4 form-element-3 default-false form-element-type-checkbox is-required-true options-true index-true -handle\">\n\t\t\t\t\t\t\t<div class=\"form-element-html\"><div ><div class=\"images- checkbox-cover field-cover\"><span class=\"sub-label-false\"><span class=\"main-label\"><span >Sono interessato a<\/span><\/span><span class=\"sub-label\"><\/span><\/span><div data-placement=\"right\" data-toggle=\"tooltip\" tooltip=\"\" data-trigger=\"hover\" data-html=\"true\" data-original-title=\"\"><span class=\"error\"><\/span><label style=\"width: 100%\" ><img alt=\"\"><input data-field-id=\"field4\" type=\"checkbox\" data-is-required=\"true\" name=\"field4[]\" value=\"Prescolare\" class=\"validation-lenient\"><span><span >Prescolare<\/span><\/span><\/label><label style=\"width: 100%\" ><img alt=\"\"><input data-field-id=\"field4\" type=\"checkbox\" data-is-required=\"true\" name=\"field4[]\" value=\"Seminario - ricerca dispersi in superfice\" class=\"validation-lenient\"><span><span >Seminario - ricerca dispersi in superfice<\/span><\/span><\/label><label style=\"width: 100%\" ><img alt=\"\"><input data-field-id=\"field4\" type=\"checkbox\" data-is-required=\"true\" name=\"field4[]\" value=\"Seminario - ricerca dispersi in maceria\" class=\"validation-lenient\"><span><span >Seminario - ricerca dispersi in maceria<\/span><\/span><\/label><label style=\"width: 100%\" ><img alt=\"\"><input data-field-id=\"field4\" type=\"checkbox\" data-is-required=\"true\" name=\"field4[]\" value=\"Seminario - ricerca dispersi a valanga\" class=\"validation-lenient\"><span><span >Seminario - ricerca dispersi a valanga<\/span><\/span><\/label><label style=\"width: 100%\" ><img alt=\"\"><input data-field-id=\"field4\" type=\"checkbox\" data-is-required=\"true\" name=\"field4[]\" value=\"Training su richiesta\" class=\"validation-lenient\"><span><span >Training su richiesta<\/span><\/span><\/label><label style=\"width: 100%\" ><img alt=\"\"><input data-field-id=\"field4\" type=\"checkbox\" data-is-required=\"true\" name=\"field4[]\" value=\"Operational Competency Standards\" class=\"validation-lenient\"><span><span >Operational Competency Standards<\/span><\/span><\/label><\/div><\/div><\/div><\/div>\n\t\t\t\t\t\t\t\n\t\t\t\t\t\t<\/div><div data-identifier=\"field9\" data-index=\"4\" style=\"width: 100%\" class=\" odd form-element form-element-field9 options- index- form-element-4 default-false form-element-type- is-required-false -handle\">\n\t\t\t\t\t\t\t<div class=\"form-element-html\">\n\t\t\t\t\t\t\t<\/div>\n\t\t\t\t\t\t\t\n\t\t\t\t\t\t<\/div><div data-identifier=\"field5\" data-index=\"5\" style=\"width: 100%\" class=\" even form-element form-element-field5 options-false index-false form-element-5 default-false form-element-type-textarea is-required-true -handle\">\n\t\t\t\t\t\t\t<div class=\"form-element-html\"><div ><label class=\"textarea-cover field-cover \"><span class=\"sub-label-false\"><span class=\"main-label\"><span >Messaggio<\/span><\/span><span class=\"sub-label\"><\/span><\/span><div><span class=\"error\"><\/span><textarea data-field-id=\"field5\" placeholder=\"\" class=\"validation-lenient\" name=\"field5\" value=\"\" rows=\"2\" data-min-char=\"\" data-max-char=\"\" data-is-required=\"true\" data-placement=\"right\" data-toggle=\"tooltip\" tooltip=\"\" data-trigger=\"focus\" data-html=\"true\" data-original-title=\"\" style=\"min-height: 58.6914px\"><\/textarea><div class=\"count-\"><span class=\"current-count\">0<\/span> \/ <span class=\"max-count \"><\/span><\/div><\/div><\/label><\/div><\/div>\n\t\t\t\t\t\t\t\n\t\t\t\t\t\t<\/div><div data-identifier=\"field7\" data-index=\"6\" style=\"width: 100%\" class=\" form-element form-element-field7 options- index- form-element-6 default-false form-element-type-reCaptcha is-required-false odd -handle\">\n\t\t\t\t\t\t\t<div class=\"form-element-html\"><div ><div data-site-key=\"6LcrLFwUAAAAAKW8OfqzbtUmAeDkzFRrPHr8FPKY\" class=\"captcha-placeholder \">reCaptcha v3<\/div><input type=\"hidden\" class=\"recaptcha-token \" name=\"recaptcha-token\"><\/div><\/div>\n\t\t\t\t\t\t\t\n\t\t\t\t\t\t<\/div><div data-identifier=\"field6\" data-index=\"7\" style=\"width: 100%\" class=\" even form-element form-element-field6 options-false index-false form-element-7 default-false form-element-type-submit is-required-false -handle\">\n\t\t\t\t\t\t\t<div class=\"form-element-html\"><div ><div class=\"align-left wide-false submit-cover field-cover\"><button type=\"submit\" class=\"button submit-button\"><span class=\"text \">Inviare<\/span><span class=\"spin-cover\"><i style=\"color:\" class=\"loading-icon icon-cog animate-spin\"><\/i><\/span><\/button><\/div><div class=\"submit-response \"><\/div><input type=\"text\" class=\"required_field \" name=\"website\" autocomplete=\"maple-syrup-pot\"><\/div><\/div>\n\t\t\t\t\t\t\t\n\t\t\t\t\t\t<\/div>\n\t\t\t\t\t<\/div>\n\t\t\t\t<\/div>\n\t\t\t<\/form>\n\t\t\t<div class=\"prev-next prev-next-1\" style=\"width: 720px; color: #666666; font-size: 105%; background: white\">\n\t\t\t\t<div><input type=\"text\" class=\"  \"><span class=\"inactive page-prev \"><i class=\"formcraft-icon\">keyboard_arrow_left<\/i>Previous<\/span><\/div>\n\t\t\t\t<div><input type=\"text\" class=\"  \"><span class=\"page-next \">Next<i class=\"formcraft-icon\">keyboard_arrow_right<\/i><\/span><\/div>\n\t\t\t<\/div>\n\t\t<\/div><a class=\"powered-by\" target=\"_blank\" href=\"http:\/\/formcraft-wp.com?source=pb\"\/>FormCraft - WordPress form builder<\/a><\/div>\n<\/div><\/section><\/div>\n","protected":false},"excerpt":{"rendered":"","protected":false},"author":1,"featured_media":0,"parent":0,"menu_order":0,"comment_status":"closed","ping_status":"closed","template":"","meta":{"footnotes":""},"class_list":["post-553","page","type-page","status-publish","hentry"],"yoast_head":"<!-- This site is optimized with the Yoast SEO plugin v26.1.1 - https:\/\/yoast.com\/wordpress\/plugins\/seo\/ -->\n<title>Contatto - Dreamteam.dogs<\/title>\n<meta name=\"robots\" content=\"index, follow, max-snippet:-1, max-image-preview:large, max-video-preview:-1\" \/>\n<link rel=\"canonical\" href=\"https:\/\/www.dreamteamdogs.si\/it\/contatto\/\" \/>\n<meta property=\"og:locale\" content=\"it_IT\" \/>\n<meta property=\"og:type\" content=\"article\" \/>\n<meta property=\"og:title\" content=\"Contatto - Dreamteam.dogs\" \/>\n<meta property=\"og:url\" content=\"https:\/\/www.dreamteamdogs.si\/it\/contatto\/\" \/>\n<meta property=\"og:site_name\" content=\"Dreamteam.dogs\" \/>\n<meta property=\"article:modified_time\" content=\"2021-05-24T13:25:46+00:00\" \/>\n<meta name=\"twitter:card\" content=\"summary_large_image\" \/>\n<meta name=\"twitter:label1\" content=\"Tempo di lettura stimato\" \/>\n\t<meta name=\"twitter:data1\" content=\"2 minuti\" \/>\n<script type=\"application\/ld+json\" class=\"yoast-schema-graph\">{\"@context\":\"https:\/\/schema.org\",\"@graph\":[{\"@type\":\"WebPage\",\"@id\":\"https:\/\/www.dreamteamdogs.si\/it\/contatto\/\",\"url\":\"https:\/\/www.dreamteamdogs.si\/it\/contatto\/\",\"name\":\"Contatto - Dreamteam.dogs\",\"isPartOf\":{\"@id\":\"https:\/\/www.dreamteamdogs.si\/it\/#website\"},\"datePublished\":\"2017-03-04T12:37:46+00:00\",\"dateModified\":\"2021-05-24T13:25:46+00:00\",\"breadcrumb\":{\"@id\":\"https:\/\/www.dreamteamdogs.si\/it\/contatto\/#breadcrumb\"},\"inLanguage\":\"it-IT\",\"potentialAction\":[{\"@type\":\"ReadAction\",\"target\":[\"https:\/\/www.dreamteamdogs.si\/it\/contatto\/\"]}]},{\"@type\":\"BreadcrumbList\",\"@id\":\"https:\/\/www.dreamteamdogs.si\/it\/contatto\/#breadcrumb\",\"itemListElement\":[{\"@type\":\"ListItem\",\"position\":1,\"name\":\"Home\",\"item\":\"https:\/\/www.dreamteamdogs.si\/it\/dreamteam\/\"},{\"@type\":\"ListItem\",\"position\":2,\"name\":\"Contatto\"}]},{\"@type\":\"WebSite\",\"@id\":\"https:\/\/www.dreamteamdogs.si\/it\/#website\",\"url\":\"https:\/\/www.dreamteamdogs.si\/it\/\",\"name\":\"Dreamteam.dogs\",\"description\":\"Pes in vodnik. Ni\u010d ve\u010d in ni\u010d manj kot to morata biti, da je delo obema v zabavo in prina\u0161a uspeh. Metodologija treninga je postavljena v pasjo perspektivo.\",\"potentialAction\":[{\"@type\":\"SearchAction\",\"target\":{\"@type\":\"EntryPoint\",\"urlTemplate\":\"https:\/\/www.dreamteamdogs.si\/it\/?s={search_term_string}\"},\"query-input\":{\"@type\":\"PropertyValueSpecification\",\"valueRequired\":true,\"valueName\":\"search_term_string\"}}],\"inLanguage\":\"it-IT\"}]}<\/script>\n<!-- \/ Yoast SEO plugin. -->","yoast_head_json":{"title":"Contatto - Dreamteam.dogs","robots":{"index":"index","follow":"follow","max-snippet":"max-snippet:-1","max-image-preview":"max-image-preview:large","max-video-preview":"max-video-preview:-1"},"canonical":"https:\/\/www.dreamteamdogs.si\/it\/contatto\/","og_locale":"it_IT","og_type":"article","og_title":"Contatto - Dreamteam.dogs","og_url":"https:\/\/www.dreamteamdogs.si\/it\/contatto\/","og_site_name":"Dreamteam.dogs","article_modified_time":"2021-05-24T13:25:46+00:00","twitter_card":"summary_large_image","twitter_misc":{"Tempo di lettura stimato":"2 minuti"},"schema":{"@context":"https:\/\/schema.org","@graph":[{"@type":"WebPage","@id":"https:\/\/www.dreamteamdogs.si\/it\/contatto\/","url":"https:\/\/www.dreamteamdogs.si\/it\/contatto\/","name":"Contatto - Dreamteam.dogs","isPartOf":{"@id":"https:\/\/www.dreamteamdogs.si\/it\/#website"},"datePublished":"2017-03-04T12:37:46+00:00","dateModified":"2021-05-24T13:25:46+00:00","breadcrumb":{"@id":"https:\/\/www.dreamteamdogs.si\/it\/contatto\/#breadcrumb"},"inLanguage":"it-IT","potentialAction":[{"@type":"ReadAction","target":["https:\/\/www.dreamteamdogs.si\/it\/contatto\/"]}]},{"@type":"BreadcrumbList","@id":"https:\/\/www.dreamteamdogs.si\/it\/contatto\/#breadcrumb","itemListElement":[{"@type":"ListItem","position":1,"name":"Home","item":"https:\/\/www.dreamteamdogs.si\/it\/dreamteam\/"},{"@type":"ListItem","position":2,"name":"Contatto"}]},{"@type":"WebSite","@id":"https:\/\/www.dreamteamdogs.si\/it\/#website","url":"https:\/\/www.dreamteamdogs.si\/it\/","name":"Dreamteam.dogs","description":"Pes in vodnik. Ni\u010d ve\u010d in ni\u010d manj kot to morata biti, da je delo obema v zabavo in prina\u0161a uspeh. Metodologija treninga je postavljena v pasjo perspektivo.","potentialAction":[{"@type":"SearchAction","target":{"@type":"EntryPoint","urlTemplate":"https:\/\/www.dreamteamdogs.si\/it\/?s={search_term_string}"},"query-input":{"@type":"PropertyValueSpecification","valueRequired":true,"valueName":"search_term_string"}}],"inLanguage":"it-IT"}]}},"_links":{"self":[{"href":"https:\/\/www.dreamteamdogs.si\/it\/wp-json\/wp\/v2\/pages\/553","targetHints":{"allow":["GET"]}}],"collection":[{"href":"https:\/\/www.dreamteamdogs.si\/it\/wp-json\/wp\/v2\/pages"}],"about":[{"href":"https:\/\/www.dreamteamdogs.si\/it\/wp-json\/wp\/v2\/types\/page"}],"author":[{"embeddable":true,"href":"https:\/\/www.dreamteamdogs.si\/it\/wp-json\/wp\/v2\/users\/1"}],"replies":[{"embeddable":true,"href":"https:\/\/www.dreamteamdogs.si\/it\/wp-json\/wp\/v2\/comments?post=553"}],"version-history":[{"count":18,"href":"https:\/\/www.dreamteamdogs.si\/it\/wp-json\/wp\/v2\/pages\/553\/revisions"}],"predecessor-version":[{"id":4484,"href":"https:\/\/www.dreamteamdogs.si\/it\/wp-json\/wp\/v2\/pages\/553\/revisions\/4484"}],"wp:attachment":[{"href":"https:\/\/www.dreamteamdogs.si\/it\/wp-json\/wp\/v2\/media?parent=553"}],"curies":[{"name":"wp","href":"https:\/\/api.w.org\/{rel}","templated":true}]}}