{"id":5494,"date":"2025-10-16T16:50:50","date_gmt":"2025-10-16T14:50:50","guid":{"rendered":"https:\/\/www.dreamteamdogs.si\/impresum\/"},"modified":"2025-10-16T16:54:38","modified_gmt":"2025-10-16T14:54:38","slug":"imprint","status":"publish","type":"page","link":"https:\/\/www.dreamteamdogs.si\/it\/imprint\/","title":{"rendered":"Imprint"},"content":{"rendered":"<h1>Imprint<\/h1>\n<p>Owner and author of texts: DreamTeam \u2013 dog training, Poljanska cesta 75, Ljubljana<\/p>\n<p>Photos and other media files: DreamTeam \u2013 dog training<\/p>\n<p>Design and implementation: spletster<\/p>\n<p>Website hosting on servers in Slovenia.<\/p>\n<p>All rights reserved!<\/p>\n","protected":false},"excerpt":{"rendered":"<p>Imprint Owner and author of texts: DreamTeam \u2013 dog training, Poljanska cesta 75, Ljubljana Photos and other media files: DreamTeam \u2013 dog training Design and implementation: spletster Website hosting on servers in Slovenia. All rights reserved!<\/p>\n","protected":false},"author":1,"featured_media":0,"parent":0,"menu_order":0,"comment_status":"closed","ping_status":"closed","template":"","meta":{"footnotes":""},"class_list":["post-5494","page","type-page","status-publish","hentry"],"yoast_head":"<!-- This site is optimized with the Yoast SEO plugin v26.1.1 - https:\/\/yoast.com\/wordpress\/plugins\/seo\/ -->\n<title>Imprint - Dreamteam.dogs<\/title>\n<meta name=\"robots\" content=\"index, follow, max-snippet:-1, max-image-preview:large, max-video-preview:-1\" \/>\n<link rel=\"canonical\" href=\"https:\/\/www.dreamteamdogs.si\/it\/imprint\/\" \/>\n<meta property=\"og:locale\" content=\"it_IT\" \/>\n<meta property=\"og:type\" content=\"article\" \/>\n<meta property=\"og:title\" content=\"Imprint - Dreamteam.dogs\" \/>\n<meta property=\"og:description\" content=\"Imprint Owner and author of texts: DreamTeam \u2013 dog training, Poljanska cesta 75, Ljubljana Photos and other media files: DreamTeam \u2013 dog training Design and implementation: spletster Website hosting on servers in Slovenia. All rights reserved!\" \/>\n<meta property=\"og:url\" content=\"https:\/\/www.dreamteamdogs.si\/it\/imprint\/\" \/>\n<meta property=\"og:site_name\" content=\"Dreamteam.dogs\" \/>\n<meta property=\"article:modified_time\" content=\"2025-10-16T14:54:38+00:00\" \/>\n<meta name=\"twitter:card\" content=\"summary_large_image\" \/>\n<meta name=\"twitter:label1\" content=\"Tempo di lettura stimato\" \/>\n\t<meta name=\"twitter:data1\" content=\"1 minuto\" \/>\n<script type=\"application\/ld+json\" class=\"yoast-schema-graph\">{\"@context\":\"https:\/\/schema.org\",\"@graph\":[{\"@type\":\"WebPage\",\"@id\":\"https:\/\/www.dreamteamdogs.si\/it\/imprint\/\",\"url\":\"https:\/\/www.dreamteamdogs.si\/it\/imprint\/\",\"name\":\"Imprint - Dreamteam.dogs\",\"isPartOf\":{\"@id\":\"https:\/\/www.dreamteamdogs.si\/it\/#website\"},\"datePublished\":\"2025-10-16T14:50:50+00:00\",\"dateModified\":\"2025-10-16T14:54:38+00:00\",\"breadcrumb\":{\"@id\":\"https:\/\/www.dreamteamdogs.si\/it\/imprint\/#breadcrumb\"},\"inLanguage\":\"it-IT\",\"potentialAction\":[{\"@type\":\"ReadAction\",\"target\":[\"https:\/\/www.dreamteamdogs.si\/it\/imprint\/\"]}]},{\"@type\":\"BreadcrumbList\",\"@id\":\"https:\/\/www.dreamteamdogs.si\/it\/imprint\/#breadcrumb\",\"itemListElement\":[{\"@type\":\"ListItem\",\"position\":1,\"name\":\"Home\",\"item\":\"https:\/\/www.dreamteamdogs.si\/it\/dreamteam\/\"},{\"@type\":\"ListItem\",\"position\":2,\"name\":\"Imprint\"}]},{\"@type\":\"WebSite\",\"@id\":\"https:\/\/www.dreamteamdogs.si\/it\/#website\",\"url\":\"https:\/\/www.dreamteamdogs.si\/it\/\",\"name\":\"Dreamteam.dogs\",\"description\":\"Pes in vodnik. Ni\u010d ve\u010d in ni\u010d manj kot to morata biti, da je delo obema v zabavo in prina\u0161a uspeh. Metodologija treninga je postavljena v pasjo perspektivo.\",\"potentialAction\":[{\"@type\":\"SearchAction\",\"target\":{\"@type\":\"EntryPoint\",\"urlTemplate\":\"https:\/\/www.dreamteamdogs.si\/it\/?s={search_term_string}\"},\"query-input\":{\"@type\":\"PropertyValueSpecification\",\"valueRequired\":true,\"valueName\":\"search_term_string\"}}],\"inLanguage\":\"it-IT\"}]}<\/script>\n<!-- \/ Yoast SEO plugin. -->","yoast_head_json":{"title":"Imprint - Dreamteam.dogs","robots":{"index":"index","follow":"follow","max-snippet":"max-snippet:-1","max-image-preview":"max-image-preview:large","max-video-preview":"max-video-preview:-1"},"canonical":"https:\/\/www.dreamteamdogs.si\/it\/imprint\/","og_locale":"it_IT","og_type":"article","og_title":"Imprint - Dreamteam.dogs","og_description":"Imprint Owner and author of texts: DreamTeam \u2013 dog training, Poljanska cesta 75, Ljubljana Photos and other media files: DreamTeam \u2013 dog training Design and implementation: spletster Website hosting on servers in Slovenia. All rights reserved!","og_url":"https:\/\/www.dreamteamdogs.si\/it\/imprint\/","og_site_name":"Dreamteam.dogs","article_modified_time":"2025-10-16T14:54:38+00:00","twitter_card":"summary_large_image","twitter_misc":{"Tempo di lettura stimato":"1 minuto"},"schema":{"@context":"https:\/\/schema.org","@graph":[{"@type":"WebPage","@id":"https:\/\/www.dreamteamdogs.si\/it\/imprint\/","url":"https:\/\/www.dreamteamdogs.si\/it\/imprint\/","name":"Imprint - Dreamteam.dogs","isPartOf":{"@id":"https:\/\/www.dreamteamdogs.si\/it\/#website"},"datePublished":"2025-10-16T14:50:50+00:00","dateModified":"2025-10-16T14:54:38+00:00","breadcrumb":{"@id":"https:\/\/www.dreamteamdogs.si\/it\/imprint\/#breadcrumb"},"inLanguage":"it-IT","potentialAction":[{"@type":"ReadAction","target":["https:\/\/www.dreamteamdogs.si\/it\/imprint\/"]}]},{"@type":"BreadcrumbList","@id":"https:\/\/www.dreamteamdogs.si\/it\/imprint\/#breadcrumb","itemListElement":[{"@type":"ListItem","position":1,"name":"Home","item":"https:\/\/www.dreamteamdogs.si\/it\/dreamteam\/"},{"@type":"ListItem","position":2,"name":"Imprint"}]},{"@type":"WebSite","@id":"https:\/\/www.dreamteamdogs.si\/it\/#website","url":"https:\/\/www.dreamteamdogs.si\/it\/","name":"Dreamteam.dogs","description":"Pes in vodnik. Ni\u010d ve\u010d in ni\u010d manj kot to morata biti, da je delo obema v zabavo in prina\u0161a uspeh. Metodologija treninga je postavljena v pasjo perspektivo.","potentialAction":[{"@type":"SearchAction","target":{"@type":"EntryPoint","urlTemplate":"https:\/\/www.dreamteamdogs.si\/it\/?s={search_term_string}"},"query-input":{"@type":"PropertyValueSpecification","valueRequired":true,"valueName":"search_term_string"}}],"inLanguage":"it-IT"}]}},"_links":{"self":[{"href":"https:\/\/www.dreamteamdogs.si\/it\/wp-json\/wp\/v2\/pages\/5494","targetHints":{"allow":["GET"]}}],"collection":[{"href":"https:\/\/www.dreamteamdogs.si\/it\/wp-json\/wp\/v2\/pages"}],"about":[{"href":"https:\/\/www.dreamteamdogs.si\/it\/wp-json\/wp\/v2\/types\/page"}],"author":[{"embeddable":true,"href":"https:\/\/www.dreamteamdogs.si\/it\/wp-json\/wp\/v2\/users\/1"}],"replies":[{"embeddable":true,"href":"https:\/\/www.dreamteamdogs.si\/it\/wp-json\/wp\/v2\/comments?post=5494"}],"version-history":[{"count":1,"href":"https:\/\/www.dreamteamdogs.si\/it\/wp-json\/wp\/v2\/pages\/5494\/revisions"}],"predecessor-version":[{"id":5500,"href":"https:\/\/www.dreamteamdogs.si\/it\/wp-json\/wp\/v2\/pages\/5494\/revisions\/5500"}],"wp:attachment":[{"href":"https:\/\/www.dreamteamdogs.si\/it\/wp-json\/wp\/v2\/media?parent=5494"}],"curies":[{"name":"wp","href":"https:\/\/api.w.org\/{rel}","templated":true}]}}