{"id":521,"date":"2017-03-08T21:23:48","date_gmt":"2017-03-08T21:23:48","guid":{"rendered":"http:\/\/dt.greenbee.si\/seminarji\/"},"modified":"2017-05-18T14:14:13","modified_gmt":"2017-05-18T14:14:13","slug":"seminars","status":"publish","type":"page","link":"https:\/\/www.dreamteamdogs.si\/en\/services\/seminars\/","title":{"rendered":"Seminars"},"content":{"rendered":"<div id='av_section_1'  class='avia-section av-av_section-1967d8c30cd8866af393f8b6e7638b1b main_color avia-section-large avia-no-border-styling  avia-builder-el-0  el_before_av_section  avia-builder-el-first  avia-bg-style-scroll container_wrap fullsize'  ><div class='container av-section-cont-open' ><main  role=\"main\" itemprop=\"mainContentOfPage\"  class='template-page content  av-content-full alpha units'><div class='post-entry post-entry-type-page post-entry-521'><div class='entry-content-wrapper clearfix'>\n\n<style type=\"text\/css\" data-created_by=\"avia_inline_auto\" id=\"style-css-av-av_heading-82be6a3d4552d7f41b23191bc0d4a221\">\n#top .av-special-heading.av-av_heading-82be6a3d4552d7f41b23191bc0d4a221{\npadding-bottom:10px;\ncolor:#f05535;\nfont-size:42px;\n}\nbody .av-special-heading.av-av_heading-82be6a3d4552d7f41b23191bc0d4a221 .av-special-heading-tag .heading-char{\nfont-size:25px;\n}\n#top #wrap_all .av-special-heading.av-av_heading-82be6a3d4552d7f41b23191bc0d4a221 .av-special-heading-tag{\nfont-size:42px;\n}\n.av-special-heading.av-av_heading-82be6a3d4552d7f41b23191bc0d4a221 .special-heading-inner-border{\nborder-color:#f05535;\n}\n.av-special-heading.av-av_heading-82be6a3d4552d7f41b23191bc0d4a221 .av-subheading{\nfont-size:15px;\n}\n\n@media only screen and (min-width: 480px) and (max-width: 767px){ \n#top #wrap_all .av-special-heading.av-av_heading-82be6a3d4552d7f41b23191bc0d4a221 .av-special-heading-tag{\nfont-size:0.8em;\n}\n}\n\n@media only screen and (max-width: 479px){ \n#top #wrap_all .av-special-heading.av-av_heading-82be6a3d4552d7f41b23191bc0d4a221 .av-special-heading-tag{\nfont-size:0.8em;\n}\n}\n<\/style>\n<div  class='av-special-heading av-av_heading-82be6a3d4552d7f41b23191bc0d4a221 av-special-heading-h3 custom-color-heading blockquote modern-quote  avia-builder-el-1  el_before_av_three_fifth  avia-builder-el-first  av-inherit-size'><h3 class='av-special-heading-tag '  itemprop=\"headline\"  >Seminars<\/h3><div class=\"special-heading-border\"><div class=\"special-heading-inner-border\"><\/div><\/div><\/div>\n\n<style type=\"text\/css\" data-created_by=\"avia_inline_auto\" id=\"style-css-av-av_three_fifth-6126cab7d8fab8d08143dd2dacdf673c\">\n.flex_column.av-av_three_fifth-6126cab7d8fab8d08143dd2dacdf673c{\nborder-radius:0px 0px 0px 0px;\npadding:0px 0px 0px 0px;\n}\n<\/style>\n<div  class='flex_column av-av_three_fifth-6126cab7d8fab8d08143dd2dacdf673c av_three_fifth  avia-builder-el-2  el_after_av_heading  el_before_av_two_fifth  first flex_column_div av-zero-column-padding  '     ><section  class='av_textblock_section av-av_textblock-283972ea15f2e73870c23e2d6de3245d '   itemscope=\"itemscope\" itemtype=\"https:\/\/schema.org\/CreativeWork\" ><div class='avia_textblock'  itemprop=\"text\" ><p>We organize seminars for search and rescue dogs several times per year: obedience, search for the missing person in the area, rubble and avalanche. Normally these are 4-day seminars at various locations in Slovenia or abroad; in addition to the practical work we we can offer you also a lot of interesting <strong><a href=\"https:\/\/dt.greenbee.si\/?page_id=134\">\u00a0lectures<\/a>.<\/strong><\/p>\n<\/div><\/section><\/div>\n<style type=\"text\/css\" data-created_by=\"avia_inline_auto\" id=\"style-css-av-av_two_fifth-0aa7055fe62c3622faec82866afbaeb2\">\n.flex_column.av-av_two_fifth-0aa7055fe62c3622faec82866afbaeb2{\nborder-radius:0px 0px 0px 0px;\npadding:0px 0px 0px 0px;\n}\n<\/style>\n<div  class='flex_column av-av_two_fifth-0aa7055fe62c3622faec82866afbaeb2 av_two_fifth  avia-builder-el-4  el_after_av_three_fifth  avia-builder-el-last  flex_column_div av-zero-column-padding  '     ><style type=\"text\/css\" data-created_by=\"avia_inline_auto\" id=\"style-css-av-av_image-04b5efae5d02283770b21e889a19b091\">\n.avia-image-container.av-av_image-04b5efae5d02283770b21e889a19b091 img.avia_image{\nbox-shadow:none;\n}\n.avia-image-container.av-av_image-04b5efae5d02283770b21e889a19b091 .av-image-caption-overlay-center{\ncolor:#ffffff;\n}\n<\/style>\n<div  class='avia-image-container av-av_image-04b5efae5d02283770b21e889a19b091 av-styling- avia-align-center  avia-builder-el-5  avia-builder-el-no-sibling '   itemprop=\"image\" itemscope=\"itemscope\" itemtype=\"https:\/\/schema.org\/ImageObject\" ><div class=\"avia-image-container-inner\"><div class=\"avia-image-overlay-wrap\"><img decoding=\"async\" fetchpriority=\"high\" class='wp-image-437 avia-img-lazy-loading-not-437 avia_image ' src=\"https:\/\/www.dreamteamdogs.si\/wp-content\/uploads\/2017\/02\/treningi.jpg\" alt='' title='treningi'  height=\"260\" width=\"500\"  itemprop=\"thumbnailUrl\" srcset=\"https:\/\/www.dreamteamdogs.si\/wp-content\/uploads\/2017\/02\/treningi.jpg 500w, https:\/\/www.dreamteamdogs.si\/wp-content\/uploads\/2017\/02\/treningi-300x156.jpg 300w, https:\/\/www.dreamteamdogs.si\/wp-content\/uploads\/2017\/02\/treningi-450x234.jpg 450w\" sizes=\"(max-width: 500px) 100vw, 500px\" \/><\/div><\/div><\/div><\/div>\n\n<\/div><\/div><\/main><!-- close content main element --><\/div><\/div>\n<style type=\"text\/css\" data-created_by=\"avia_inline_auto\" id=\"style-css-av-av_section-f165b063ae3ac97fa77065095d70af77\">\n.avia-section.av-av_section-f165b063ae3ac97fa77065095d70af77{\nbackground-color:#f9f9f9;\nbackground-image:unset;\n}\n<\/style>\n<div id='av_section_2'  class='avia-section av-av_section-f165b063ae3ac97fa77065095d70af77 main_color avia-section-large avia-no-border-styling  avia-builder-el-6  el_after_av_section  el_before_av_section  avia-bg-style-scroll container_wrap fullsize'  ><div class='container av-section-cont-open' ><div class='template-page content  av-content-full alpha units'><div class='post-entry post-entry-type-page post-entry-521'><div class='entry-content-wrapper clearfix'>\n\n<style type=\"text\/css\" data-created_by=\"avia_inline_auto\" id=\"style-css-av-av_three_fifth-6126cab7d8fab8d08143dd2dacdf673c\">\n.flex_column.av-av_three_fifth-6126cab7d8fab8d08143dd2dacdf673c{\nborder-radius:0px 0px 0px 0px;\npadding:0px 0px 0px 0px;\n}\n<\/style>\n<div  class='flex_column av-av_three_fifth-6126cab7d8fab8d08143dd2dacdf673c av_three_fifth  avia-builder-el-7  el_before_av_two_fifth  avia-builder-el-first  first flex_column_div av-zero-column-padding  '     ><section  class='av_textblock_section av-av_textblock-283972ea15f2e73870c23e2d6de3245d '   itemscope=\"itemscope\" itemtype=\"https:\/\/schema.org\/CreativeWork\" ><div class='avia_textblock'  itemprop=\"text\" ><p> Our traditional<strong> Area search<\/strong> seminar takes place each year in<strong> Kranjska Gora<\/strong>, in the second half of <strong>April<\/strong>.<\/p>\n<p><strong>SAVE THE DATE AND JOIN US!<\/strong><\/p>\n<\/div><\/section><\/div>\n<style type=\"text\/css\" data-created_by=\"avia_inline_auto\" id=\"style-css-av-av_two_fifth-0aa7055fe62c3622faec82866afbaeb2\">\n.flex_column.av-av_two_fifth-0aa7055fe62c3622faec82866afbaeb2{\nborder-radius:0px 0px 0px 0px;\npadding:0px 0px 0px 0px;\n}\n<\/style>\n<div  class='flex_column av-av_two_fifth-0aa7055fe62c3622faec82866afbaeb2 av_two_fifth flex_column_div av-zero-column-padding  '     ><style type=\"text\/css\" data-created_by=\"avia_inline_auto\" id=\"style-css-av-av_image-1b5aa1774510a5effa3996e4af245cb6\">\n.avia-image-container.av-av_image-1b5aa1774510a5effa3996e4af245cb6 img.avia_image{\nbox-shadow:none;\n}\n.avia-image-container.av-av_image-1b5aa1774510a5effa3996e4af245cb6 .av-image-caption-overlay-center{\ncolor:#ffffff;\n}\n<\/style>\n<div  class='avia-image-container av-av_image-1b5aa1774510a5effa3996e4af245cb6 av-styling- avia-align-center'   itemprop=\"image\" itemscope=\"itemscope\" itemtype=\"https:\/\/schema.org\/ImageObject\" ><div class=\"avia-image-container-inner\"><div class=\"avia-image-overlay-wrap\"><img decoding=\"async\" fetchpriority=\"high\" class='wp-image-1075 avia-img-lazy-loading-not-1075 avia_image ' src=\"https:\/\/www.dreamteamdogs.si\/wp-content\/uploads\/2017\/03\/prva-stran-seminar-2-1030x614.jpg\" alt='' title='prva stran seminar'  height=\"614\" width=\"1030\"  itemprop=\"thumbnailUrl\" srcset=\"https:\/\/www.dreamteamdogs.si\/wp-content\/uploads\/2017\/03\/prva-stran-seminar-2.jpg 1030w, https:\/\/www.dreamteamdogs.si\/wp-content\/uploads\/2017\/03\/prva-stran-seminar-2-300x179.jpg 300w, https:\/\/www.dreamteamdogs.si\/wp-content\/uploads\/2017\/03\/prva-stran-seminar-2-768x458.jpg 768w, https:\/\/www.dreamteamdogs.si\/wp-content\/uploads\/2017\/03\/prva-stran-seminar-2-705x420.jpg 705w, https:\/\/www.dreamteamdogs.si\/wp-content\/uploads\/2017\/03\/prva-stran-seminar-2-450x268.jpg 450w\" sizes=\"(max-width: 1030px) 100vw, 1030px\" \/><\/div><\/div><\/div><\/div><\/div><\/div><\/div><!-- close content main div --><\/div><\/div><div id='av_section_3'  class='avia-section av-av_section-1967d8c30cd8866af393f8b6e7638b1b main_color avia-section-large avia-no-border-styling avia-bg-style-scroll container_wrap fullsize'  ><div class='container av-section-cont-open' ><div class='template-page content  av-content-full alpha units'><div class='post-entry post-entry-type-page post-entry-521'><div class='entry-content-wrapper clearfix'>\n\n<style type=\"text\/css\" data-created_by=\"avia_inline_auto\" id=\"style-css-av-av_three_fifth-6126cab7d8fab8d08143dd2dacdf673c\">\n.flex_column.av-av_three_fifth-6126cab7d8fab8d08143dd2dacdf673c{\nborder-radius:0px 0px 0px 0px;\npadding:0px 0px 0px 0px;\n}\n<\/style>\n<div  class='flex_column av-av_three_fifth-6126cab7d8fab8d08143dd2dacdf673c av_three_fifth first flex_column_div av-zero-column-padding  '     ><section  class='av_textblock_section av-av_textblock-283972ea15f2e73870c23e2d6de3245d '   itemscope=\"itemscope\" itemtype=\"https:\/\/schema.org\/CreativeWork\" ><div class='avia_textblock'  itemprop=\"text\" ><p> In <strong>March<\/strong> we organize the <strong>Avalanche course,<\/strong> our standard location is <strong>Vogel<\/strong> (Bohinj).<\/p>\n<p><strong>SAVE THE DATE AND JOIN US!<\/strong><\/p>\n<\/div><\/section><\/div>\n<style type=\"text\/css\" data-created_by=\"avia_inline_auto\" id=\"style-css-av-av_two_fifth-0aa7055fe62c3622faec82866afbaeb2\">\n.flex_column.av-av_two_fifth-0aa7055fe62c3622faec82866afbaeb2{\nborder-radius:0px 0px 0px 0px;\npadding:0px 0px 0px 0px;\n}\n<\/style>\n<div  class='flex_column av-av_two_fifth-0aa7055fe62c3622faec82866afbaeb2 av_two_fifth flex_column_div av-zero-column-padding  '     ><style type=\"text\/css\" data-created_by=\"avia_inline_auto\" id=\"style-css-av-av_image-79cd209169e6f8ab5e10c256b07ebb11\">\n.avia-image-container.av-av_image-79cd209169e6f8ab5e10c256b07ebb11 img.avia_image{\nbox-shadow:none;\n}\n.avia-image-container.av-av_image-79cd209169e6f8ab5e10c256b07ebb11 .av-image-caption-overlay-center{\ncolor:#ffffff;\n}\n<\/style>\n<div  class='avia-image-container av-av_image-79cd209169e6f8ab5e10c256b07ebb11 av-styling- avia-align-center'   itemprop=\"image\" itemscope=\"itemscope\" itemtype=\"https:\/\/schema.org\/ImageObject\" ><div class=\"avia-image-container-inner\"><div class=\"avia-image-overlay-wrap\"><img decoding=\"async\" fetchpriority=\"high\" class='wp-image-1092 avia-img-lazy-loading-not-1092 avia_image ' src=\"https:\/\/www.dreamteamdogs.si\/wp-content\/uploads\/2017\/03\/stran-seminarji-lavina-1030x614.jpg\" alt='' title='stran seminarji lavina'  height=\"614\" width=\"1030\"  itemprop=\"thumbnailUrl\" srcset=\"https:\/\/www.dreamteamdogs.si\/wp-content\/uploads\/2017\/03\/stran-seminarji-lavina.jpg 1030w, https:\/\/www.dreamteamdogs.si\/wp-content\/uploads\/2017\/03\/stran-seminarji-lavina-300x179.jpg 300w, https:\/\/www.dreamteamdogs.si\/wp-content\/uploads\/2017\/03\/stran-seminarji-lavina-768x458.jpg 768w, https:\/\/www.dreamteamdogs.si\/wp-content\/uploads\/2017\/03\/stran-seminarji-lavina-705x420.jpg 705w, https:\/\/www.dreamteamdogs.si\/wp-content\/uploads\/2017\/03\/stran-seminarji-lavina-450x268.jpg 450w\" sizes=\"(max-width: 1030px) 100vw, 1030px\" \/><\/div><\/div><\/div><\/div><\/div><\/div><\/div><!-- close content main div --><\/div><\/div>\n<style type=\"text\/css\" data-created_by=\"avia_inline_auto\" id=\"style-css-av-av_section-75a93b8254cbed90dfea148fbb31fada\">\n.avia-section.av-av_section-75a93b8254cbed90dfea148fbb31fada{\nbackground-color:#f9f9f9;\nbackground-image:unset;\n}\n<\/style>\n<div id='av_section_4'  class='avia-section av-av_section-75a93b8254cbed90dfea148fbb31fada main_color avia-section-default avia-no-shadow avia-bg-style-scroll container_wrap fullsize'  ><div class='container av-section-cont-open' ><div class='template-page content  av-content-full alpha units'><div class='post-entry post-entry-type-page post-entry-521'><div class='entry-content-wrapper clearfix'>\n\n<style type=\"text\/css\" data-created_by=\"avia_inline_auto\" id=\"style-css-av-av_heading-91ddaebefaf98187646dcadeec052fce\">\n#top .av-special-heading.av-av_heading-91ddaebefaf98187646dcadeec052fce{\npadding-bottom:10px;\ncolor:#f05535;\nfont-size:34px;\n}\nbody .av-special-heading.av-av_heading-91ddaebefaf98187646dcadeec052fce .av-special-heading-tag .heading-char{\nfont-size:25px;\n}\n#top #wrap_all .av-special-heading.av-av_heading-91ddaebefaf98187646dcadeec052fce .av-special-heading-tag{\nfont-size:34px;\n}\n.av-special-heading.av-av_heading-91ddaebefaf98187646dcadeec052fce .special-heading-inner-border{\nborder-color:#f05535;\n}\n.av-special-heading.av-av_heading-91ddaebefaf98187646dcadeec052fce .av-subheading{\nfont-size:26px;\n}\n\n@media only screen and (min-width: 480px) and (max-width: 767px){ \n#top #wrap_all .av-special-heading.av-av_heading-91ddaebefaf98187646dcadeec052fce .av-special-heading-tag{\nfont-size:0.8em;\n}\n}\n\n@media only screen and (max-width: 479px){ \n#top #wrap_all .av-special-heading.av-av_heading-91ddaebefaf98187646dcadeec052fce .av-special-heading-tag{\nfont-size:0.8em;\n}\n}\n<\/style>\n<div  class='av-special-heading av-av_heading-91ddaebefaf98187646dcadeec052fce av-special-heading-h3 custom-color-heading blockquote modern-quote modern-centered av-inherit-size'><div class='av_custom_color av-subheading av-subheading_above'><p>Would you like to participate in DreamTeam seminar?<\/p>\n<\/div><h3 class='av-special-heading-tag '  itemprop=\"headline\"  >SEND US THE INQUIRY OR CALL US!<\/h3><div class=\"special-heading-border\"><div class=\"special-heading-inner-border\"><\/div><\/div><\/div>\n\n<style type=\"text\/css\" data-created_by=\"avia_inline_auto\" id=\"style-css-av-av_hr-16b509a5195eb20636728f8eced9ba64\">\n#top .hr.hr-invisible.av-av_hr-16b509a5195eb20636728f8eced9ba64{\nheight:30px;\n}\n<\/style>\n<div  class='hr av-av_hr-16b509a5195eb20636728f8eced9ba64 hr-invisible'><span class='hr-inner '><span class=\"hr-inner-style\"><\/span><\/span><\/div>\n<div  class='avia-button-wrap av-av_button-54a4a851d7d6f301d022899838763f36-wrap avia-button-center '>\n<style type=\"text\/css\" data-created_by=\"avia_inline_auto\" id=\"style-css-av-av_button-54a4a851d7d6f301d022899838763f36\">\n#top #wrap_all .avia-button.av-av_button-54a4a851d7d6f301d022899838763f36{\nbackground-color:#f05535;\nborder-color:#f05535;\ncolor:#ffffff;\ntransition:all 0.4s ease-in-out;\n}\n#top #wrap_all .avia-button.av-av_button-54a4a851d7d6f301d022899838763f36 .avia-svg-icon svg:first-child{\nfill:#ffffff;\nstroke:#ffffff;\n}\n<\/style>\n<a href='https:\/\/www.dreamteamdogs.si\/en\/contact\/'  class='avia-button av-av_button-54a4a851d7d6f301d022899838763f36 av-link-btn avia-icon_select-yes-left-icon avia-size-large avia-position-center av-icon-on-hover'   aria-label=\"Contact us !\"><span class='avia_button_icon avia_button_icon_left avia-iconfont avia-font-entypo-fontello' data-av_icon='\ue805' data-av_iconfont='entypo-fontello' ><\/span><span class='avia_iconbox_title' >Contact us !<\/span><\/a><\/div>\n<\/p>\n<\/div><\/div><\/div><!-- close content main div --><\/div><\/div><div class='clear'><\/div><div id='sub_menu1'  class='av-submenu-container av-av_submenu-1fd4608b7b8ded35b114317d9ed95ba0 main_color  dt av-sticky-submenu container_wrap fullsize' style='z-index:301' ><div class='container av-menu-mobile-disabled av-submenu-pos-center'><ul id='av-custom-submenu-1' class='av-subnav-menu' role='menu'>\n<li class='menu-item av-av_submenu_item-5dcdcb02a4420411a67ede0222d2f5bf menu-item-top-level menu-item-top-level-1' role='menuitem'><a href='#'  ><span class='avia-bullet'><\/span><span class='avia-menu-text'>Dream Team storitve:<\/span><\/a><\/li>\n <li class='menu-item av-av_submenu_item-310e55d630697f51e31ea493bc915bd1 menu-item-top-level menu-item-top-level-2' role='menuitem'><a href='https:\/\/www.dreamteamdogs.si\/dreamteam-storitve\/dreamteam-mala-sola\/'  ><span class='avia-bullet'><\/span><span class='avia-menu-text'>Mala \u0161ola<\/span><\/a><\/li>\n <li class='menu-item av-av_submenu_item-aac666e0ef1d1d9080a0fe84dfc8e23a menu-item-top-level menu-item-top-level-3' role='menuitem'><a href='https:\/\/www.dreamteamdogs.si\/dreamteam-storitve\/dreamteam-seminarji\/'  ><span class='avia-bullet'><\/span><span class='avia-menu-text'>Seminarji<\/span><\/a><\/li>\n <li class='menu-item av-av_submenu_item-b3ec1327f225e64f66141e5aa9633466 menu-item-top-level menu-item-top-level-4' role='menuitem'><a href='https:\/\/www.dreamteamdogs.si\/dreamteam-storitve\/dreamteam-treningi\/'  ><span class='avia-bullet'><\/span><span class='avia-menu-text'>Treningi po naro\u010dilu<\/span><\/a><\/li>\n <li class='menu-item av-av_submenu_item-24e9c9913223c1564399b867a782c9d0 menu-item-top-level menu-item-top-level-5' role='menuitem'><a href='https:\/\/www.dreamteamdogs.si\/dreamteam-storitve\/dreamteam-predavanja\/'  ><span class='avia-bullet'><\/span><span class='avia-menu-text'>Predavanja<\/span><\/a><\/li>\n<\/ul><\/div><\/div><div class='sticky_placeholder'><\/div>\n","protected":false},"excerpt":{"rendered":"","protected":false},"author":1,"featured_media":0,"parent":529,"menu_order":0,"comment_status":"closed","ping_status":"closed","template":"","meta":{"footnotes":""},"class_list":["post-521","page","type-page","status-publish","hentry"],"yoast_head":"<!-- This site is optimized with the Yoast SEO plugin v26.1.1 - https:\/\/yoast.com\/wordpress\/plugins\/seo\/ -->\n<title>Seminars - Dreamteam.dogs<\/title>\n<meta name=\"robots\" content=\"index, follow, max-snippet:-1, max-image-preview:large, max-video-preview:-1\" \/>\n<link rel=\"canonical\" href=\"https:\/\/www.dreamteamdogs.si\/en\/services\/seminars\/\" \/>\n<meta property=\"og:locale\" content=\"en_US\" \/>\n<meta property=\"og:type\" content=\"article\" \/>\n<meta property=\"og:title\" content=\"Seminars - Dreamteam.dogs\" \/>\n<meta property=\"og:url\" content=\"https:\/\/www.dreamteamdogs.si\/en\/services\/seminars\/\" \/>\n<meta property=\"og:site_name\" content=\"Dreamteam.dogs\" \/>\n<meta property=\"article:modified_time\" content=\"2017-05-18T14:14:13+00:00\" \/>\n<meta name=\"twitter:card\" content=\"summary_large_image\" \/>\n<meta name=\"twitter:label1\" content=\"Est. reading time\" \/>\n\t<meta name=\"twitter:data1\" content=\"6 minutes\" \/>\n<script type=\"application\/ld+json\" class=\"yoast-schema-graph\">{\"@context\":\"https:\/\/schema.org\",\"@graph\":[{\"@type\":\"WebPage\",\"@id\":\"https:\/\/www.dreamteamdogs.si\/en\/services\/seminars\/\",\"url\":\"https:\/\/www.dreamteamdogs.si\/en\/services\/seminars\/\",\"name\":\"Seminars - Dreamteam.dogs\",\"isPartOf\":{\"@id\":\"https:\/\/www.dreamteamdogs.si\/it\/#website\"},\"datePublished\":\"2017-03-08T21:23:48+00:00\",\"dateModified\":\"2017-05-18T14:14:13+00:00\",\"breadcrumb\":{\"@id\":\"https:\/\/www.dreamteamdogs.si\/en\/services\/seminars\/#breadcrumb\"},\"inLanguage\":\"en-US\",\"potentialAction\":[{\"@type\":\"ReadAction\",\"target\":[\"https:\/\/www.dreamteamdogs.si\/en\/services\/seminars\/\"]}]},{\"@type\":\"BreadcrumbList\",\"@id\":\"https:\/\/www.dreamteamdogs.si\/en\/services\/seminars\/#breadcrumb\",\"itemListElement\":[{\"@type\":\"ListItem\",\"position\":1,\"name\":\"Home\",\"item\":\"https:\/\/www.dreamteamdogs.si\/en\/dreamteam\/\"},{\"@type\":\"ListItem\",\"position\":2,\"name\":\"Services\",\"item\":\"https:\/\/www.dreamteamdogs.si\/en\/services\/\"},{\"@type\":\"ListItem\",\"position\":3,\"name\":\"Seminars\"}]},{\"@type\":\"WebSite\",\"@id\":\"https:\/\/www.dreamteamdogs.si\/it\/#website\",\"url\":\"https:\/\/www.dreamteamdogs.si\/it\/\",\"name\":\"Dreamteam.dogs\",\"description\":\"Pes in vodnik. Ni\u010d ve\u010d in ni\u010d manj kot to morata biti, da je delo obema v zabavo in prina\u0161a uspeh. Metodologija treninga je postavljena v pasjo perspektivo.\",\"potentialAction\":[{\"@type\":\"SearchAction\",\"target\":{\"@type\":\"EntryPoint\",\"urlTemplate\":\"https:\/\/www.dreamteamdogs.si\/it\/?s={search_term_string}\"},\"query-input\":{\"@type\":\"PropertyValueSpecification\",\"valueRequired\":true,\"valueName\":\"search_term_string\"}}],\"inLanguage\":\"en-US\"}]}<\/script>\n<!-- \/ Yoast SEO plugin. -->","yoast_head_json":{"title":"Seminars - Dreamteam.dogs","robots":{"index":"index","follow":"follow","max-snippet":"max-snippet:-1","max-image-preview":"max-image-preview:large","max-video-preview":"max-video-preview:-1"},"canonical":"https:\/\/www.dreamteamdogs.si\/en\/services\/seminars\/","og_locale":"en_US","og_type":"article","og_title":"Seminars - Dreamteam.dogs","og_url":"https:\/\/www.dreamteamdogs.si\/en\/services\/seminars\/","og_site_name":"Dreamteam.dogs","article_modified_time":"2017-05-18T14:14:13+00:00","twitter_card":"summary_large_image","twitter_misc":{"Est. reading time":"6 minutes"},"schema":{"@context":"https:\/\/schema.org","@graph":[{"@type":"WebPage","@id":"https:\/\/www.dreamteamdogs.si\/en\/services\/seminars\/","url":"https:\/\/www.dreamteamdogs.si\/en\/services\/seminars\/","name":"Seminars - Dreamteam.dogs","isPartOf":{"@id":"https:\/\/www.dreamteamdogs.si\/it\/#website"},"datePublished":"2017-03-08T21:23:48+00:00","dateModified":"2017-05-18T14:14:13+00:00","breadcrumb":{"@id":"https:\/\/www.dreamteamdogs.si\/en\/services\/seminars\/#breadcrumb"},"inLanguage":"en-US","potentialAction":[{"@type":"ReadAction","target":["https:\/\/www.dreamteamdogs.si\/en\/services\/seminars\/"]}]},{"@type":"BreadcrumbList","@id":"https:\/\/www.dreamteamdogs.si\/en\/services\/seminars\/#breadcrumb","itemListElement":[{"@type":"ListItem","position":1,"name":"Home","item":"https:\/\/www.dreamteamdogs.si\/en\/dreamteam\/"},{"@type":"ListItem","position":2,"name":"Services","item":"https:\/\/www.dreamteamdogs.si\/en\/services\/"},{"@type":"ListItem","position":3,"name":"Seminars"}]},{"@type":"WebSite","@id":"https:\/\/www.dreamteamdogs.si\/it\/#website","url":"https:\/\/www.dreamteamdogs.si\/it\/","name":"Dreamteam.dogs","description":"Pes in vodnik. Ni\u010d ve\u010d in ni\u010d manj kot to morata biti, da je delo obema v zabavo in prina\u0161a uspeh. Metodologija treninga je postavljena v pasjo perspektivo.","potentialAction":[{"@type":"SearchAction","target":{"@type":"EntryPoint","urlTemplate":"https:\/\/www.dreamteamdogs.si\/it\/?s={search_term_string}"},"query-input":{"@type":"PropertyValueSpecification","valueRequired":true,"valueName":"search_term_string"}}],"inLanguage":"en-US"}]}},"_links":{"self":[{"href":"https:\/\/www.dreamteamdogs.si\/en\/wp-json\/wp\/v2\/pages\/521","targetHints":{"allow":["GET"]}}],"collection":[{"href":"https:\/\/www.dreamteamdogs.si\/en\/wp-json\/wp\/v2\/pages"}],"about":[{"href":"https:\/\/www.dreamteamdogs.si\/en\/wp-json\/wp\/v2\/types\/page"}],"author":[{"embeddable":true,"href":"https:\/\/www.dreamteamdogs.si\/en\/wp-json\/wp\/v2\/users\/1"}],"replies":[{"embeddable":true,"href":"https:\/\/www.dreamteamdogs.si\/en\/wp-json\/wp\/v2\/comments?post=521"}],"version-history":[{"count":8,"href":"https:\/\/www.dreamteamdogs.si\/en\/wp-json\/wp\/v2\/pages\/521\/revisions"}],"predecessor-version":[{"id":1180,"href":"https:\/\/www.dreamteamdogs.si\/en\/wp-json\/wp\/v2\/pages\/521\/revisions\/1180"}],"up":[{"embeddable":true,"href":"https:\/\/www.dreamteamdogs.si\/en\/wp-json\/wp\/v2\/pages\/529"}],"wp:attachment":[{"href":"https:\/\/www.dreamteamdogs.si\/en\/wp-json\/wp\/v2\/media?parent=521"}],"curies":[{"name":"wp","href":"https:\/\/api.w.org\/{rel}","templated":true}]}}